{"id":35,"date":"2025-07-21T18:20:58","date_gmt":"2025-07-21T18:20:58","guid":{"rendered":"https:\/\/hackercolombiano.com\/?page_id=35"},"modified":"2025-08-01T15:44:41","modified_gmt":"2025-08-01T15:44:41","slug":"hackear-whatsapp","status":"publish","type":"page","link":"https:\/\/hackercolombiano.com\/en\/hackear-whatsapp\/","title":{"rendered":"hackear-whatsapp"},"content":{"rendered":"<div data-elementor-type=\"wp-page\" data-elementor-id=\"35\" class=\"elementor elementor-35\">\n\t\t\t\t<div class=\"elementor-element elementor-element-71fb590 e-flex e-con-boxed e-con e-parent\" data-id=\"71fb590\" data-element_type=\"container\" data-e-type=\"container\">\n\t\t\t\t\t<div class=\"e-con-inner\">\n\t\t\t\t<div class=\"elementor-element elementor-element-7887ade elementor-widget elementor-widget-html\" data-id=\"7887ade\" data-element_type=\"widget\" data-e-type=\"widget\" data-widget_type=\"html.default\">\n\t\t\t\t\t<!DOCTYPE html>\r\n<html lang=\"es\">\r\n<head>\r\n  <meta charset=\"UTF-8\">\r\n  <meta name=\"description\" content=\"Descubre c\u00f3mo hackear WhatsApp de forma profesional. M\u00e9todos efectivos, seguros y confidenciales. \u00a1Cont\u00e1ctanos para asistencia experta hoy mismo!\">\r\n  <title>7 Formas Reales de Hackear WhatsApp F\u00e1cil y R\u00e1pido<\/title>\r\n<\/head>\r\n<body>\r\n\r\n<div class=\"hackear-whatsapp-bloque\">\r\n\r\n<h1>7 Real Ways to Hack WhatsApp Easy and Fast<\/h1>\r\n\r\n<p>\r\nDo you want to know how to <strong>hack WhatsApp<\/strong> professional and secure? Our company hacking professional offers advanced solutions to access accounts of WhatsApp with total confidentiality. Whether for account recovery, monitoring, or research, here are the most effective methods and what you need to know before you act.\r\n<\/p>\r\n\r\n<h2 id=\"que-es-hackear-whatsapp\">What does it mean to hack WhatsApp?<\/h2>\r\n<p>\r\nHack WhatsApp implies access to a user account without their knowledge or without their credentials, in order to read your messages, view files, listen to audio, and monitor their activity. Our company hacking professional to perform this type of processes with advanced techniques, specialized tools, and strict confidentiality.\r\n<\/p>\r\n\r\n<h2 id=\"razones-comunes\">Common reasons to hack WhatsApp<\/h2>\r\n<p>Among the most common reasons for resorting to hacking professional WhatsApp are:<\/p>\r\n<ul>\r\n  <li>Recovery of stolen accounts or blocked.<\/li>\r\n  <li>Private investigations or cases of infidelity.<\/li>\r\n  <li>Parental Control and monitoring of minors.<\/li>\r\n  <li>Access to communications work in devices corporate.<\/li>\r\n  <li>Cases of harassment, extortion, or threats.<\/li>\r\n<\/ul>\r\n<p>\r\nWhatever your reason, our company hacking professional can provide you with effective solutions with maximum discretion.\r\n<\/p>\r\n\r\n<h2 id=\"metodos-populares\">7 popular methods to hack WhatsApp<\/h2>\r\n\r\n<h3>1. Cloning of WhatsApp using QR code<\/h3>\r\n<p>\r\nOne of the most common methods is to scan the QR code from the target device, and access to WhatsApp Web. This allows you to clone the session on another computer. However, it has limitations: the victim may notice suspicious activity or receiving notifications.\r\n<\/p>\r\n\r\n<h3>2. Social engineering and phishing<\/h3>\r\n<p>\r\nConsists of tricking the victim to provide the verification code sent by WhatsApp. It is an effective technique if done with skill. Our company hacking professional knows how to execute these techniques with precision.\r\n<\/p>\r\n\r\n<h3>3. Spyware and spy apps<\/h3>\r\n<p>\r\nThere are apps like FlexiSPY or mSpy, which allow you to secretly monitor the activity of WhatsApp. Require physical installation on the phone, but they offer access to chats, files and calls. These tools are powerful when they are configured by experts.\r\n<\/p>\r\n\r\n<h3>4. Attacks by SS7 (Signal System 7)<\/h3>\r\n<p>\r\nThis advanced method exploits vulnerabilities of the protocol SS7, which controls the telephone networks and global. With access to this system, it is possible to redirect messages, and verification to access WhatsApp without physical access to the device.\r\n<\/p>\r\n<p>\r\nIt is a complex technique that only a hacker professional can be implemented with success.\r\n<\/p>\r\n\r\n<h3>5. Backups in Google Drive or iCloud<\/h3>\r\n<p>\r\nIf you have access to the credentials of the Google account, or Apple, it is possible to download the backup of WhatsApp and read the chats by restoring the backup copy on another device. This method requires technical knowledge and special tools.\r\n<\/p>\r\n\r\n<h3>6. Phishing (SIM swapping)<\/h3>\r\n<p>\r\nThis attack allows to obtain the control of the phone number being associated with the phone provider. Then, you reinstall WhatsApp and you will receive the SMS code. It is effective, but should be performed with extreme caution and experience.\r\n<\/p>\r\n\r\n<h3>7. Keyloggers on mobile devices<\/h3>\r\n<p>\r\nA keylogger records everything that is typed on the device, including access credentials. When installed correctly, allows you to collect key information to login to WhatsApp without raising suspicion.\r\n<\/p>\r\n\r\n<h2 id=\"riesgos-legales\">Is it legal to hack WhatsApp?<\/h2>\r\n<p>\r\nTo access the accounts of others without consent, may violate local laws of privacy. For this reason, our services hacking healthcare are focused only in the context of recovery, protection or legitimate research. We provide clear guidance and responsible for each case.\r\n<\/p>\r\n<p>\r\nIn some countries, if you are owner of the device or have legal responsibility (as parents of minor children), access to WhatsApp may be allowed. Always check your local laws before taking action.\r\n<\/p>\r\n\r\n<h2 id=\"como-lo-hacemos\">How do professional hackers?<\/h2>\r\n<p>\r\nOur company hacking professional has trained experts in cyber-security offensive and digital forensics and analysis. We use advanced tools and techniques tailored to the specific case. Each mission is performed with:<\/p>\r\n<ul>\r\n  <li>Personalized assessment.<\/li>\r\n  <li>Selection of the most effective method.<\/li>\r\n  <li>Safe implementation and anonymous.<\/li>\r\n  <li>Delivery of results in clear and accessible.<\/li>\r\n<\/ul>\r\n<p>\r\nWhether you want to restore your WhatsApp, monitor account security or to resolve an incident, our team is ready to help you with total confidentiality.\r\n<\/p>\r\n\r\n<h2 id=\"proteccion-contra-hackers\">How to protect yourself from being hacked in WhatsApp<\/h2>\r\n<p>\r\nAs we offer services of hacking healthcare, we also help our clients to <strong>to protect against attacks<\/strong>. Here are some key recommendations:<\/p>\r\n<ul>\r\n  <li>Activate two-step verification on your account from WhatsApp.<\/li>\r\n  <li>Don&#039;t share your verification code by any means.<\/li>\r\n  <li>Avoid the use of WhatsApp Web on devices outside.<\/li>\r\n  <li>Instala un antivirus confiable en tu m\u00f3vil Kaspersky o Bitdefender.<\/li>\r\n  <li>Be careful with suspicious emails or links on unknown.<\/li>\r\n<\/ul>\r\n<p>\r\nOur company also offers services such as audit and protection against threats digital to ensure your peace of mind.\r\n<\/p>\r\n\r\n<h2 id=\"conclusion\">conclusion,<\/h2>\r\n<p>\r\nLearn how to <strong>hack WhatsApp<\/strong> requires technical knowledge, precise tools and professional experience. If you need to access an account for legitimate reasons or to protect your own information, our company hacking professional is available to provide you with solutions that are effective and safe. Do not try methods at home that could put you at risk of legal or technical. Trust in experts who guarantee results with total confidentiality.\r\n<\/p>\r\n\r\n<div style=\"text-align: center; margin: 5px 0;\">\r\n\r\n<div style=\"text-align: center; margin: 5px 0;\">\r\n<div style=\"text-align: center;\">\r\n  <img decoding=\"async\" \r\n    alt=\"hackear whatsapp\"\r\n    src=\"https:\/\/hackercolombiano.com\/wp-content\/uploads\/2025\/07\/hackerprofesional.webp\"\r\n    style=\"max-width:10%; height:auto; display:block; margin:auto; border:none !important; border-radius:0 !important;\"\r\n    id=\"logoHCPC\"\r\n  >\r\n  <img decoding=\"async\" \r\n    alt=\"hackear whatsapp\"\r\n    src=\"https:\/\/hackercolombiano.com\/wp-content\/uploads\/2025\/07\/hackerprofesional.webp\"\r\n    style=\"max-width:30%; height:auto; display:none; margin:auto; border:none !important; border-radius:0 !important;\"\r\n    id=\"logoHCMobile\"\r\n  >\r\n<\/div>\r\n<script>\r\n  function switchLogo() {\r\n    if(window.innerWidth <= 600) {\r\n      document.getElementById(\"logoHCPC\").style.display = \"none\";\r\n      document.getElementById(\"logoHCMobile\").style.display = \"block\";\r\n    } else {\r\n      document.getElementById(\"logoHCPC\").style.display = \"block\";\r\n      document.getElementById(\"logoHCMobile\").style.display = \"none\";\r\n    }\r\n  }\r\n  window.addEventListener('resize', switchLogo);\r\n  switchLogo();\r\n<\/script>\r\n\r\n<\/div>\r\n\r\n\r\n<\/div>\r\n<script>\r\n  function switchLogo() {\r\n    if(window.innerWidth <= 600) {\r\n      document.getElementById(\"logoHCPC\").style.display = \"none\";\r\n      document.getElementById(\"logoHCMobile\").style.display = \"block\";\r\n    } else {\r\n      document.getElementById(\"logoHCPC\").style.display = \"block\";\r\n      document.getElementById(\"logoHCMobile\").style.display = \"none\";\r\n    }\r\n  }\r\n  window.addEventListener('resize', switchLogo);\r\n  switchLogo();\r\n<\/script>\r\n\r\n<\/div>\r\n\r\n<\/div>\r\n\r\n\r\n<\/div>\r\n<script>\r\n  function switchLogo() {\r\n    if(window.innerWidth <= 600) {\r\n      document.getElementById(\"logoHCPC\").style.display = \"none\";\r\n      document.getElementById(\"logoHCMobile\").style.display = \"block\";\r\n    } else {\r\n      document.getElementById(\"logoHCPC\").style.display = \"block\";\r\n      document.getElementById(\"logoHCMobile\").style.display = \"none\";\r\n    }\r\n  }\r\n  window.addEventListener('resize', switchLogo);\r\n  switchLogo();\r\n<\/script>\r\n\r\n<\/div>\r\n\r\n<\/div>\r\n\r\n<\/div>\r\n\r\n<style>\r\n.hackear-whatsapp-bloque {\r\n  background: #000;\r\n  color: #00ff00;\r\n  font-family: 'Courier New', Courier, monospace;\r\n  border-radius: 14px;\r\n  box-shadow: 0 2px 26px #00ff0033;\r\n  padding: 30px 22px;\r\n  max-width: 980px;\r\n  margin: 0 auto 22px auto;\r\n}\r\n.hackear-whatsapp-bloque h1,\r\n.hackear-whatsapp-bloque h2,\r\n.hackear-whatsapp-bloque h3 {\r\n  color: #00ff00;\r\n  font-family: 'Courier New', Courier, monospace;\r\n  margin-top: 26px;\r\n  margin-bottom: 20px;\r\n  font-weight: bold;\r\n  padding-left: 18px;\r\n  position: relative;\r\n  background: #0c0c0c;\r\n  border-left: 4px solid #00ff00;\r\n  text-shadow: 0 2px 14px #00ff0044;\r\n  letter-spacing: 0.5px;\r\n}\r\n.hackear-whatsapp-bloque h1 { font-size: 2.2em; text-transform: uppercase; }\r\n.hackear-whatsapp-bloque h2 { font-size: 1.5em; }\r\n.hackear-whatsapp-bloque h3 { font-size: 1.15em; }\r\n\r\n.hackear-whatsapp-bloque ul, \r\n.hackear-whatsapp-bloque ol {\r\n  padding-left: 1.2em;\r\n  margin-bottom: 18px;\r\n}\r\n.hackear-whatsapp-bloque li {\r\n  margin-bottom: 7px;\r\n}\r\n.hackear-whatsapp-bloque a {\r\n  color: #1aff1a;\r\n  text-decoration: underline dotted;\r\n  transition: color 0.18s;\r\n  word-break: break-all;\r\n}\r\n.hackear-whatsapp-bloque a:hover,\r\n.hackear-whatsapp-bloque a:focus {\r\n  color: #fff;\r\n  background: #00ff0022;\r\n}\r\n.hackear-whatsapp-bloque strong {\r\n  color: #fff;\r\n  background: #00ff0024;\r\n  padding: 0 2px;\r\n  border-radius: 3px;\r\n}\r\n.hackear-whatsapp-bloque img {\r\n  border: 1.5px solid #00ff00 !important;\r\n  border-radius: 8px;\r\n  max-width: 120px;\r\n}\r\n@media (max-width: 600px) {\r\n  .hackear-whatsapp-bloque {\r\n    padding: 15px 2vw;\r\n    font-size: 0.99em;\r\n    max-width: 99vw;\r\n  }\r\n  .hackear-whatsapp-bloque h1 { font-size: 1.32em; }\r\n  .hackear-whatsapp-bloque h2 { font-size: 1.11em; }\r\n  .hackear-whatsapp-bloque h3 { font-size: 1em; }\r\n  .hackear-whatsapp-bloque img { max-width: 60vw; }\r\n}\r\n<\/style>\r\n\r\n<\/body>\r\n<\/html>\r\n\t\t\t\t<\/div>\n\t\t\t\t\t<\/div>\n\t\t\t\t<\/div>\n\t\t<div class=\"elementor-element elementor-element-bbb2696 e-flex e-con-boxed e-con e-parent\" data-id=\"bbb2696\" data-element_type=\"container\" data-e-type=\"container\">\n\t\t\t\t\t<div class=\"e-con-inner\">\n\t\t\t\t<div class=\"elementor-element elementor-element-6d8b515 elementor-widget elementor-widget-html\" data-id=\"6d8b515\" data-element_type=\"widget\" data-e-type=\"widget\" data-widget_type=\"html.default\">\n\t\t\t\t\t<div class=\"bloque-contacto-hacker\">\r\n  <p class=\"contacto-texto\">\r\n    Confidential services and professionals.<br>\r\n    Contact us with total security.\r\n  <\/p>\r\n  <a href=\"\/en\/contacto\/\" class=\"contacto-btn\">\r\n    \ud83d\udce1 CONTACT US\r\n  <\/a>\r\n<\/div>\r\n\r\n<style>\r\n.bloque-contacto-hacker {\r\n  background: #000;\r\n  padding-top: 18px;\r\n  padding-bottom: 18px;\r\n  padding-left: 8px;\r\n  padding-right: 8px;\r\n  border-radius: 10px;\r\n  text-align: center;\r\n  font-family: Courier, monospace;\r\n  max-width: 440px;\r\n  margin: 0 auto;\r\n}\r\n.bloque-contacto-hacker .contacto-texto {\r\n  margin-bottom: 15px;\r\n  font-size: 1.22em;\r\n  color: #fff;\r\n  font-weight: bold;\r\n  letter-spacing: 0.2px;\r\n  text-shadow: 0 1px 8px #00ff0044;\r\n}\r\n.bloque-contacto-hacker .contacto-btn {\r\n  display: inline-block;\r\n  background: #00ff00;\r\n  color: #000;\r\n  padding: 16px 30px;\r\n  text-decoration: none;\r\n  font-size: 1.25em;\r\n  font-weight: bold;\r\n  border-radius: 10px;\r\n  box-shadow: 0 2px 16px #00ff0022;\r\n  transition: background 0.22s, color 0.22s, box-shadow 0.22s;\r\n}\r\n.bloque-contacto-hacker .contacto-btn:hover, \r\n.bloque-contacto-hacker .contacto-btn:focus {\r\n  background: #00e600;\r\n  color: #101;\r\n  box-shadow: 0 2px 18px #00ff0066;\r\n}\r\n@media (max-width: 600px) {\r\n  .bloque-contacto-hacker {\r\n    padding-top: 11px;\r\n    padding-bottom: 11px;\r\n    padding-left: 3vw;\r\n    padding-right: 3vw;\r\n    max-width: 97vw;\r\n  }\r\n  .bloque-contacto-hacker .contacto-btn {\r\n    padding: 13px 8vw;\r\n    font-size: 1.09em;\r\n  }\r\n  .bloque-contacto-hacker .contacto-texto {\r\n    font-size: 1.09em;\r\n  }\r\n}\r\n<\/style>\r\n\t\t\t\t<\/div>\n\t\t\t\t\t<\/div>\n\t\t\t\t<\/div>\n\t\t\t\t<\/div>","protected":false},"excerpt":{"rendered":"<p>7 Formas Reales de Hackear WhatsApp F\u00e1cil y R\u00e1pido 7 Formas Reales de Hackear WhatsApp F\u00e1cil y R\u00e1pido \u00bfQuieres saber [&hellip;]<\/p>\n","protected":false},"author":1,"featured_media":0,"parent":0,"menu_order":0,"comment_status":"closed","ping_status":"closed","template":"","meta":{"site-sidebar-layout":"no-sidebar","site-content-layout":"","ast-site-content-layout":"full-width-container","site-content-style":"default","site-sidebar-style":"default","ast-global-header-display":"","ast-banner-title-visibility":"","ast-main-header-display":"","ast-hfb-above-header-display":"","ast-hfb-below-header-display":"","ast-hfb-mobile-header-display":"","site-post-title":"disabled","ast-breadcrumbs-content":"","ast-featured-img":"disabled","footer-sml-layout":"","ast-disable-related-posts":"","theme-transparent-header-meta":"","adv-header-id-meta":"","stick-header-meta":"","header-above-stick-meta":"","header-main-stick-meta":"","header-below-stick-meta":"","astra-migrate-meta-layouts":"default","ast-page-background-enabled":"default","ast-page-background-meta":{"desktop":{"background-color":"var(--ast-global-color-5)","background-image":"","background-repeat":"repeat","background-position":"center center","background-size":"auto","background-attachment":"scroll","background-type":"","background-media":"","overlay-type":"","overlay-color":"","overlay-opacity":"","overlay-gradient":""},"tablet":{"background-color":"","background-image":"","background-repeat":"repeat","background-position":"center center","background-size":"auto","background-attachment":"scroll","background-type":"","background-media":"","overlay-type":"","overlay-color":"","overlay-opacity":"","overlay-gradient":""},"mobile":{"background-color":"","background-image":"","background-repeat":"repeat","background-position":"center center","background-size":"auto","background-attachment":"scroll","background-type":"","background-media":"","overlay-type":"","overlay-color":"","overlay-opacity":"","overlay-gradient":""}},"ast-content-background-meta":{"desktop":{"background-color":"var(--ast-global-color-4)","background-image":"","background-repeat":"repeat","background-position":"center center","background-size":"auto","background-attachment":"scroll","background-type":"","background-media":"","overlay-type":"","overlay-color":"","overlay-opacity":"","overlay-gradient":""},"tablet":{"background-color":"var(--ast-global-color-4)","background-image":"","background-repeat":"repeat","background-position":"center center","background-size":"auto","background-attachment":"scroll","background-type":"","background-media":"","overlay-type":"","overlay-color":"","overlay-opacity":"","overlay-gradient":""},"mobile":{"background-color":"var(--ast-global-color-4)","background-image":"","background-repeat":"repeat","background-position":"center center","background-size":"auto","background-attachment":"scroll","background-type":"","background-media":"","overlay-type":"","overlay-color":"","overlay-opacity":"","overlay-gradient":""}},"footnotes":""},"class_list":["post-35","page","type-page","status-publish","hentry"],"_links":{"self":[{"href":"https:\/\/hackercolombiano.com\/en\/wp-json\/wp\/v2\/pages\/35","targetHints":{"allow":["GET"]}}],"collection":[{"href":"https:\/\/hackercolombiano.com\/en\/wp-json\/wp\/v2\/pages"}],"about":[{"href":"https:\/\/hackercolombiano.com\/en\/wp-json\/wp\/v2\/types\/page"}],"author":[{"embeddable":true,"href":"https:\/\/hackercolombiano.com\/en\/wp-json\/wp\/v2\/users\/1"}],"replies":[{"embeddable":true,"href":"https:\/\/hackercolombiano.com\/en\/wp-json\/wp\/v2\/comments?post=35"}],"version-history":[{"count":143,"href":"https:\/\/hackercolombiano.com\/en\/wp-json\/wp\/v2\/pages\/35\/revisions"}],"predecessor-version":[{"id":825,"href":"https:\/\/hackercolombiano.com\/en\/wp-json\/wp\/v2\/pages\/35\/revisions\/825"}],"wp:attachment":[{"href":"https:\/\/hackercolombiano.com\/en\/wp-json\/wp\/v2\/media?parent=35"}],"curies":[{"name":"wp","href":"https:\/\/api.w.org\/{rel}","templated":true}]}}