{"id":70,"date":"2025-07-21T18:27:46","date_gmt":"2025-07-21T18:27:46","guid":{"rendered":"https:\/\/hackercolombiano.com\/?page_id=70"},"modified":"2025-08-01T15:51:50","modified_gmt":"2025-08-01T15:51:50","slug":"borrar-reportes-datacredito","status":"publish","type":"page","link":"https:\/\/hackercolombiano.com\/en\/borrar-reportes-datacredito\/","title":{"rendered":"borrar-reportes-datacredito"},"content":{"rendered":"<div data-elementor-type=\"wp-page\" data-elementor-id=\"70\" class=\"elementor elementor-70\">\n\t\t\t\t<div class=\"elementor-element elementor-element-6fefcb8 e-flex e-con-boxed e-con e-parent\" data-id=\"6fefcb8\" data-element_type=\"container\" data-e-type=\"container\">\n\t\t\t\t\t<div class=\"e-con-inner\">\n\t\t\t\t<div class=\"elementor-element elementor-element-9af484b elementor-widget elementor-widget-html\" data-id=\"9af484b\" data-element_type=\"widget\" data-e-type=\"widget\" data-widget_type=\"html.default\">\n\t\t\t\t\t<div class=\"borrar-datacredito-bloque\">\r\n\r\n<h1>7 Sure-fire Ways to Delete Reports Datacr\u00e9dito Quickly<\/h1>\r\n\r\n<p>If you are looking for how <strong>delete reports Datacr\u00e9dito<\/strong> effectively, quickly and safely, you&#039;ve come to the right place. Our company hacking professional offers real solutions and proven to improve your credit history, without delay or excuses.<\/p>\r\n\r\n<h2 id=\"que-es-datacredito\">What is Datacr\u00e9dito?<\/h2>\r\n<p>Datacr\u00e9dito is a central credit risk that stores financial information of colombian citizens. Registers how to pay your obligations, whether you&#039;re a day or in arrears, and that directly affects your ability to acquire credit cards or financial products.<\/p>\r\n\r\n<h2 id=\"por-que-es-importante-eliminar-reportes\">Why is it important to remove the negative report?<\/h2>\r\n<p>A history of negative reports in Datacr\u00e9dito can close a lot of doors for financial. Delete reports Datacr\u00e9dito is crucial if you want to:<\/p>\r\n<ul>\r\n  <li>Apply for a bank loan<\/li>\r\n  <li>Access to credit cards<\/li>\r\n  <li>Housing lease<\/li>\r\n  <li>To apply for a job in some companies<\/li>\r\n<\/ul>\r\n<p>For this reason, our company hacking professional offers concrete solutions to delete reports Datacr\u00e9dito safely and efficiently.<\/p>\r\n\r\n<h2 id=\"metodos-legales\">Legal methods to delete reports Datacr\u00e9dito<\/h2>\r\n<p>Below, we review the legal means to delete reports Datacr\u00e9dito. They are useful but they tend to be slow and bureaucratic:<\/p>\r\n\r\n<h3>1. The right of Habeas Data<\/h3>\r\n<p>It is a constitutional mechanism that allows you to request the deletion or correction of your data. You can submit a right of petition to Datacr\u00e9dito or directly to the provider of the information.<\/p>\r\n\r\n<h3>2. Full payment of the debt<\/h3>\r\n<p>Once you pay the obligation in default, the negative information should be gone in 6 months maximum. However, this does not always met within the established deadlines.<\/p>\r\n\r\n<h3>3. Reconciliations with the creditor<\/h3>\r\n<p>By negotiating directly with the creditor, can you remove the negative report in exchange for payment of a portion of the debt. Not everyone accepts this condition.<\/p>\r\n\r\n<h2 id=\"metodos-tecnicos\">Technical methods and hacking professional<\/h2>\r\n<p>When legal methods are not enough, or time is of the essence, our services <strong>professional hacking<\/strong> become the best alternative for <strong>delete reports Datacr\u00e9dito<\/strong>.<\/p>\r\n\r\n<h3>4. Secure access to databases<\/h3>\r\n<p>We have advanced techniques to access the information and modify the records directly, while always respecting the security and confidentiality of the customer.<\/p>\r\n\r\n<h3>5. Social engineering professional<\/h3>\r\n<p>We use techniques of persuasion specialist to contact key points in the chain of validation and get eliminations quick reports.<\/p>\r\n\r\n<h3>6. Removal due to inconsistencies techniques<\/h3>\r\n<p>Detect possible errors in the reports or records, and we use those inconsistencies as a base to remove them with legal support or technical.<\/p>\r\n\r\n<h3>7. Automation tools removal<\/h3>\r\n<p>We have proprietary software that detects, tracks, and eliminate negative reports with protocols for automated review and correction.<\/p>\r\n\r\n<h2 id=\"riesgos-y-mitos\">Risks and myths about deleting reports<\/h2>\r\n<p>There are many myths about <strong>delete reports Datacr\u00e9dito<\/strong>. Here desmentimos:<\/p>\r\n\r\n<h3>Myth: \u201conce reported, there is nothing to do\u201d<\/h3>\r\n<p>False. Our company hacking professional has successfully removed thousands of reports, including ancient and complex.<\/p>\r\n\r\n<h3>Myth: \u201cit Is illegal to always clear data\u201d<\/h3>\r\n<p>It is not so. There are technical forms and legal delete reports, when violated your rights, or there are errors systemic.<\/p>\r\n\r\n<h3>Risk: the Use of the services not verified<\/h3>\r\n<p>You have to be careful with false promises. Only a company with history and experience, such as ours can offer real results.<\/p>\r\n\r\n<h2 id=\"como-podemos-ayudarte\">How our company hacking professional can help you?<\/h2>\r\n<p>We offer a personalised service to <strong>delete reports Datacr\u00e9dito<\/strong> quickly. Our process includes:<\/p>\r\n<ul>\r\n  <li>Initial analysis of your situation<\/li>\r\n  <li>Detection of routes viable for deletion<\/li>\r\n  <li>Application techniques of hacking professional<\/li>\r\n  <li>Follow up on the case until the report disappears<\/li>\r\n<\/ul>\r\n<p>We have specialists that guarantee discretion, results and constant support throughout the process.<\/p>\r\n\r\n<h2 id=\"conclusion\">conclusion,<\/h2>\r\n<p><strong>Delete reports Datacr\u00e9dito<\/strong> you no longer have to be a long process or frustrating. With our company hacking professional, you can do it safely, quickly and without unnecessary complications. Remember that maintaining a clean history is key to your finances, and your quality of life.<\/p>\r\n\r\n<p>Contact us now and let our experts on hacking professional to help you to delete reports Datacr\u00e9dito effectively. Your financial future begins today!<\/p>\r\n\r\n<div style=\"text-align: center; margin: 5px 0;\">\r\n\r\n<div style=\"text-align: center; margin: 5px 0;\">\r\n<div style=\"text-align: center;\">\r\n  <img decoding=\"async\" \r\n    alt=\"Borrar Reportes Datacr\u00e9dito\"\r\n    src=\"https:\/\/hackercolombiano.com\/wp-content\/uploads\/2025\/07\/hackerprofesional.webp\"\r\n    style=\"max-width:10%; height:auto; display:block; margin:auto; border:none !important; border-radius:0 !important;\"\r\n    id=\"logoHCPC\"\r\n  >\r\n  <img decoding=\"async\" \r\n    alt=\"Borrar Reportes Datacr\u00e9dito\"\r\n    src=\"https:\/\/hackercolombiano.com\/wp-content\/uploads\/2025\/07\/hackerprofesional.webp\"\r\n    style=\"max-width:30%; height:auto; display:none; margin:auto; border:none !important; border-radius:0 !important;\"\r\n    id=\"logoHCMobile\"\r\n  >\r\n<\/div>\r\n<script>\r\n  function switchLogo() {\r\n    if(window.innerWidth <= 600) {\r\n      document.getElementById(\"logoHCPC\").style.display = \"none\";\r\n      document.getElementById(\"logoHCMobile\").style.display = \"block\";\r\n    } else {\r\n      document.getElementById(\"logoHCPC\").style.display = \"block\";\r\n      document.getElementById(\"logoHCMobile\").style.display = \"none\";\r\n    }\r\n  }\r\n  window.addEventListener('resize', switchLogo);\r\n  switchLogo();\r\n<\/script>\r\n\r\n<\/div>\r\n\r\n<\/div>\r\n<\/div>\r\n\r\n<style>\r\n.borrar-datacredito-bloque {\r\n  background: #000;\r\n  color: #00ff00;\r\n  font-family: 'Courier New', Courier, monospace;\r\n  border-radius: 14px;\r\n  box-shadow: 0 2px 26px #00ff0033;\r\n  padding: 30px 22px;\r\n  max-width: 980px;\r\n  margin: 0 auto 22px auto;\r\n}\r\n.borrar-datacredito-bloque h1,\r\n.borrar-datacredito-bloque h2,\r\n.borrar-datacredito-bloque h3 {\r\n  color: #00ff00;\r\n  font-family: 'Courier New', Courier, monospace;\r\n  margin-top: 26px;\r\n  margin-bottom: 20px;\r\n  font-weight: bold;\r\n  padding-left: 18px;\r\n  position: relative;\r\n  background: #0c0c0c;\r\n  border-left: 4px solid #00ff00;\r\n  text-shadow: 0 2px 14px #00ff0044;\r\n  letter-spacing: 0.5px;\r\n}\r\n.borrar-datacredito-bloque h1 { font-size: 2.2em; text-transform: uppercase; }\r\n.borrar-datacredito-bloque h2 { font-size: 1.5em; }\r\n.borrar-datacredito-bloque h3 { font-size: 1.15em; }\r\n\r\n.borrar-datacredito-bloque ul, \r\n.borrar-datacredito-bloque ol {\r\n  padding-left: 1.2em;\r\n  margin-bottom: 18px;\r\n}\r\n.borrar-datacredito-bloque li {\r\n  margin-bottom: 7px;\r\n}\r\n.borrar-datacredito-bloque a {\r\n  color: #1aff1a;\r\n  text-decoration: underline dotted;\r\n  transition: color 0.18s;\r\n  word-break: break-all;\r\n}\r\n.borrar-datacredito-bloque a:hover,\r\n.borrar-datacredito-bloque a:focus {\r\n  color: #fff;\r\n  background: #00ff0022;\r\n}\r\n.borrar-datacredito-bloque strong {\r\n  color: #fff;\r\n  background: #00ff0024;\r\n  padding: 0 2px;\r\n  border-radius: 3px;\r\n}\r\n.borrar-datacredito-bloque img {\r\n  border: 1.5px solid #00ff00 !important;\r\n  border-radius: 8px;\r\n  max-width: 120px;\r\n}\r\n@media (max-width: 600px) {\r\n  .borrar-datacredito-bloque {\r\n    padding: 15px 2vw;\r\n    font-size: 0.99em;\r\n    max-width: 99vw;\r\n  }\r\n  .borrar-datacredito-bloque h1 { font-size: 1.32em; }\r\n  .borrar-datacredito-bloque h2 { font-size: 1.11em; }\r\n  .borrar-datacredito-bloque h3 { font-size: 1em; }\r\n  .borrar-datacredito-bloque img { max-width: 60vw; }\r\n}\r\n<\/style>\r\n\t\t\t\t<\/div>\n\t\t\t\t\t<\/div>\n\t\t\t\t<\/div>\n\t\t<div class=\"elementor-element elementor-element-e34f662 e-flex e-con-boxed e-con e-parent\" data-id=\"e34f662\" data-element_type=\"container\" data-e-type=\"container\">\n\t\t\t\t\t<div class=\"e-con-inner\">\n\t\t\t\t<div class=\"elementor-element elementor-element-e1ad0b3 elementor-widget elementor-widget-html\" data-id=\"e1ad0b3\" data-element_type=\"widget\" data-e-type=\"widget\" data-widget_type=\"html.default\">\n\t\t\t\t\t<div class=\"bloque-contacto-hacker\">\r\n  <p class=\"contacto-texto\">\r\n    Confidential services and professionals.<br>\r\n    Contact us with total security.\r\n  <\/p>\r\n  <a href=\"\/en\/contacto\/\" class=\"contacto-btn\">\r\n    \ud83d\udce1 CONTACT US\r\n  <\/a>\r\n<\/div>\r\n\r\n<style>\r\n.bloque-contacto-hacker {\r\n  background: #000;\r\n  padding-top: 18px;\r\n  padding-bottom: 18px;\r\n  padding-left: 8px;\r\n  padding-right: 8px;\r\n  border-radius: 10px;\r\n  text-align: center;\r\n  font-family: 'Courier New', Courier, monospace;\r\n  max-width: 440px;\r\n  margin: 0 auto;\r\n}\r\n.bloque-contacto-hacker .contacto-texto {\r\n  margin-bottom: 15px;\r\n  font-size: 1.22em;\r\n  color: #fff;\r\n  font-weight: bold;\r\n  letter-spacing: 0.2px;\r\n  text-shadow: 0 1px 8px #00ff0044;\r\n}\r\n.bloque-contacto-hacker .contacto-btn {\r\n  display: inline-block;\r\n  background: #00ff00;\r\n  color: #000;\r\n  padding: 16px 30px;\r\n  text-decoration: none;\r\n  font-size: 1.25em;\r\n  font-weight: bold;\r\n  border-radius: 10px;\r\n  box-shadow: 0 2px 16px #00ff0022;\r\n  transition: background 0.22s, color 0.22s, box-shadow 0.22s;\r\n}\r\n.bloque-contacto-hacker .contacto-btn:hover, \r\n.bloque-contacto-hacker .contacto-btn:focus {\r\n  background: #00e600;\r\n  color: #101;\r\n  box-shadow: 0 2px 18px #00ff0066;\r\n}\r\n@media (max-width: 600px) {\r\n  .bloque-contacto-hacker {\r\n    padding-top: 11px;\r\n    padding-bottom: 11px;\r\n    padding-left: 3vw;\r\n    padding-right: 3vw;\r\n    max-width: 97vw;\r\n  }\r\n  .bloque-contacto-hacker .contacto-btn {\r\n    padding: 13px 8vw;\r\n    font-size: 1.09em;\r\n  }\r\n  .bloque-contacto-hacker .contacto-texto {\r\n    font-size: 1.09em;\r\n  }\r\n}\r\n<\/style>\r\n\t\t\t\t<\/div>\n\t\t\t\t\t<\/div>\n\t\t\t\t<\/div>\n\t\t\t\t<\/div>","protected":false},"excerpt":{"rendered":"<p>7 Formas Infalibles de Borrar Reportes Datacr\u00e9dito R\u00e1pidamente Si est\u00e1s buscando c\u00f3mo borrar reportes Datacr\u00e9dito de manera efectiva, r\u00e1pida y [&hellip;]<\/p>\n","protected":false},"author":1,"featured_media":0,"parent":0,"menu_order":0,"comment_status":"closed","ping_status":"closed","template":"","meta":{"site-sidebar-layout":"no-sidebar","site-content-layout":"","ast-site-content-layout":"full-width-container","site-content-style":"default","site-sidebar-style":"default","ast-global-header-display":"","ast-banner-title-visibility":"","ast-main-header-display":"","ast-hfb-above-header-display":"","ast-hfb-below-header-display":"","ast-hfb-mobile-header-display":"","site-post-title":"disabled","ast-breadcrumbs-content":"","ast-featured-img":"disabled","footer-sml-layout":"","ast-disable-related-posts":"","theme-transparent-header-meta":"","adv-header-id-meta":"","stick-header-meta":"","header-above-stick-meta":"","header-main-stick-meta":"","header-below-stick-meta":"","astra-migrate-meta-layouts":"default","ast-page-background-enabled":"default","ast-page-background-meta":{"desktop":{"background-color":"var(--ast-global-color-5)","background-image":"","background-repeat":"repeat","background-position":"center center","background-size":"auto","background-attachment":"scroll","background-type":"","background-media":"","overlay-type":"","overlay-color":"","overlay-opacity":"","overlay-gradient":""},"tablet":{"background-color":"","background-image":"","background-repeat":"repeat","background-position":"center center","background-size":"auto","background-attachment":"scroll","background-type":"","background-media":"","overlay-type":"","overlay-color":"","overlay-opacity":"","overlay-gradient":""},"mobile":{"background-color":"","background-image":"","background-repeat":"repeat","background-position":"center center","background-size":"auto","background-attachment":"scroll","background-type":"","background-media":"","overlay-type":"","overlay-color":"","overlay-opacity":"","overlay-gradient":""}},"ast-content-background-meta":{"desktop":{"background-color":"var(--ast-global-color-4)","background-image":"","background-repeat":"repeat","background-position":"center center","background-size":"auto","background-attachment":"scroll","background-type":"","background-media":"","overlay-type":"","overlay-color":"","overlay-opacity":"","overlay-gradient":""},"tablet":{"background-color":"var(--ast-global-color-4)","background-image":"","background-repeat":"repeat","background-position":"center center","background-size":"auto","background-attachment":"scroll","background-type":"","background-media":"","overlay-type":"","overlay-color":"","overlay-opacity":"","overlay-gradient":""},"mobile":{"background-color":"var(--ast-global-color-4)","background-image":"","background-repeat":"repeat","background-position":"center center","background-size":"auto","background-attachment":"scroll","background-type":"","background-media":"","overlay-type":"","overlay-color":"","overlay-opacity":"","overlay-gradient":""}},"footnotes":""},"class_list":["post-70","page","type-page","status-publish","hentry"],"_links":{"self":[{"href":"https:\/\/hackercolombiano.com\/en\/wp-json\/wp\/v2\/pages\/70","targetHints":{"allow":["GET"]}}],"collection":[{"href":"https:\/\/hackercolombiano.com\/en\/wp-json\/wp\/v2\/pages"}],"about":[{"href":"https:\/\/hackercolombiano.com\/en\/wp-json\/wp\/v2\/types\/page"}],"author":[{"embeddable":true,"href":"https:\/\/hackercolombiano.com\/en\/wp-json\/wp\/v2\/users\/1"}],"replies":[{"embeddable":true,"href":"https:\/\/hackercolombiano.com\/en\/wp-json\/wp\/v2\/comments?post=70"}],"version-history":[{"count":11,"href":"https:\/\/hackercolombiano.com\/en\/wp-json\/wp\/v2\/pages\/70\/revisions"}],"predecessor-version":[{"id":864,"href":"https:\/\/hackercolombiano.com\/en\/wp-json\/wp\/v2\/pages\/70\/revisions\/864"}],"wp:attachment":[{"href":"https:\/\/hackercolombiano.com\/en\/wp-json\/wp\/v2\/media?parent=70"}],"curies":[{"name":"wp","href":"https:\/\/api.w.org\/{rel}","templated":true}]}}